{"id":7951,"date":"2020-01-15T16:26:27","date_gmt":"2020-01-15T19:26:27","guid":{"rendered":"https:\/\/www.brasilnaweb.com.br\/blog\/?page_id=7951"},"modified":"2021-07-14T12:14:00","modified_gmt":"2021-07-14T15:14:00","slug":"qual-o-melhor-pagseguro-payu-mercado-pago-moip-paypal-ou-cielo","status":"publish","type":"page","link":"https:\/\/brasilnaweb.com.br\/blog\/qual-o-melhor-pagseguro-payu-mercado-pago-moip-paypal-ou-cielo\/","title":{"rendered":"Qual o melhor? PagSeguro, Rede, Cielo, Mercado Pago, PayPal?"},"content":{"rendered":"<p>[vc_row][vc_column][vc_column_text]<\/p>\n<h1><strong>Qual o melhor meio de pagamento online para Loja virtual ?<\/strong><\/h1>\n<p>[\/vc_column_text][\/vc_column][\/vc_row][vc_row][vc_column width=&#8221;1\/2&#8243;][vc_column_text]Muitas pessoas querem vender online, mas n\u00e3o avaliam bem qual <strong>m\u00e9todo de pagamento que vai oferecer aos clientes<\/strong> em sua <a title=\"Crie sua Loja Virtual\" href=\"https:\/\/www.brasilnaweb.com.br\/criar-loja-virtual-ecommerce\/\" target=\"_blank\" rel=\"noopener\"><strong>loja virtual<\/strong><\/a>.<\/p>\n<p>Desde 2005 eu acompanho v\u00e1rios <strong>meios de pagamento<\/strong> que foram surgindo e at\u00e9 desaparecendo. O que mostra como \u00e9 importante ter um parceiro de recebimentos s\u00f3lido para fazer hist\u00f3rico e negociar taxas.<\/p>\n<p><strong>Voc\u00ea quer saber qual empresa de pagamento online usar em sua loja virtual?<\/strong><br \/>\n<strong> Quais taxas s\u00e3o cobradas?<\/strong><br \/>\n<strong> Quais as mais confi\u00e1veis ou menos problem\u00e1ticas?<\/strong>[\/vc_column_text][\/vc_column][vc_column width=&#8221;1\/2&#8243;][vc_single_image image=&#8221;3720&#8243; img_size=&#8221;full&#8221; alignment=&#8221;center&#8221; onclick=&#8221;custom_link&#8221; img_link_target=&#8221;_blank&#8221; link=&#8221;https:\/\/www.brasilnaweb.com.br\/criar-loja-virtual-ecommerce\/?utm_source=blog&amp;utm_medium=banner&amp;utm_campaign=criar-loja&#8221;][\/vc_column][\/vc_row][vc_row][vc_column][vc_column_text]<\/p>\n<h2><strong>Quadro comparativo dos principais meios de pagamento para ecommerce<\/strong><\/h2>\n<p>[\/vc_column_text][vc_tabela_pagamentos][vc_empty_space height=&#8221;20px&#8221;][\/vc_column][\/vc_row][vc_row][vc_column][vc_column_text]<strong>Tarifa: <\/strong>Taxa principal cobrado por transa\u00e7\u00e3o (pagamento que voc\u00ea recebe).<br \/>\n<strong>L.Saldo: <\/strong>Prazo em dias para libera\u00e7\u00e3o do saldo (valores que voc\u00ea recebeu).<br \/>\n<strong>D.Saque: <\/strong>Prazo em dias entre a solicita\u00e7\u00e3o do saque (do saldo) at\u00e9 o dinheiro cair em sua conta banc\u00e1ria.<br \/>\n<strong>L.Saldo: <\/strong>Dias para libera\u00e7\u00e3o do saldo (valores que voc\u00ea recebeu).<br \/>\n<strong>Tx.Saque: <\/strong>Taxa para solicitar um saque (transfer\u00eancia para sua conta banc\u00e1ria)<br \/>\n<strong>Tx.Transa\u00e7\u00e3o: <\/strong>Taxa fixa por transa\u00e7\u00e3o (adicional a taxa principal), normalmente cobrado em centavos por algumas empresas.<br \/>\n<strong>Js.Parcala ao Cliente: <\/strong>Taxa de Juros cobrada nos parcelamentos com juros para o seu cliente final.<br \/>\n<strong>Tx.Antecipa\u00e7\u00e3o: <\/strong>Taxa de juros vari\u00e1vel ou fixa, cobrada para que voc\u00ea receba antecipadamente parcelas de uma venda.<br \/>\n<strong>Modo de Opera\u00e7\u00e3o: <\/strong>Tipo de tela que o cliente digita o cart\u00e3o de cr\u00e9dito, hoje, normalmente todos oferecem o modo em que o cliente n\u00e3o sai da sua loja virtual = Transparente.<\/p>\n<p><strong>Receber Parcelado s\/Juros: <\/strong>Algumas empresas permitem que voc\u00ea receba parcelado, como o cliente pagou, sem for\u00e7ar a antecipa\u00e7\u00e3o e assim evitando juros desnecess\u00e1rios.<\/p>\n<p><strong>Mensalidade: <\/strong>Taxa para se ter acesso a conta de recebimentos para integrar em sua loja virtual, similar a uma tarifa de bancos para manuten\u00e7\u00e3o de conta banc\u00e1ria.<\/p>\n<p><strong>\u00cdndice RA: <\/strong>Nota da empresa no Reclame Aqui, alguma possuem \u00edndice RA 1000 de comprometimento de\u00a0 resposta e satisfa\u00e7\u00e3o dos clientes.<\/p>\n<p><strong>Importante:<\/strong><br \/>\nAs informa\u00e7\u00f5es foram niveladas pela <strong>opera\u00e7\u00e3o de Cart\u00e3o de Cr\u00e9dito<\/strong> e podem variar sem aviso pr\u00e9vio por parte de cada empresa.<\/p>\n<p>Os dados expostos foram coletados do\u00a0site de cada empresa ou suas p\u00e1ginas de suporte, em alguns casos por telefone ou at\u00e9 por acesso direto a uma conta ativa.<\/p>\n<p><strong>Antes de contrat\u00e1-las, certifique-se de cada taxa, prazo e procedimentos por sua conta.\u00a0<\/strong><\/p>\n<p><a title=\"Pagseguro Tarifas\" href=\"https:\/\/pagseguro.uol.com.br\/taxas_e_tarifas.jhtml\" target=\"_blank\" rel=\"noopener\">Pagseguro<\/a> &#8211; <a href=\"http:\/\/payu.com.br\/tarifas\" target=\"_blank\" rel=\"noopener\">PayU<\/a> &#8211;\u00a0<a title=\"Moip Tarifas\" href=\"https:\/\/moip.com.br\/tarifas\/\" target=\"_blank\" rel=\"noopener\">Moip<\/a> &#8211; <a title=\"Mercado Pago p\u00e1gina sem vergonha sobre tarifas\" href=\"https:\/\/www.mercadopago.com.br\/ajuda\/custo-receber-pagamentos_453\" target=\"_blank\" rel=\"noopener\">Mercado Pago<\/a> &#8211; <a title=\"Paypal Tarifas\" href=\"https:\/\/www.paypal.com\/br\/webapps\/mpp\/paypal-fees\" target=\"_blank\" rel=\"noopener\">Paypal<\/a> &#8211; <a title=\"Cielo Solicitar informa\u00e7\u00f5es de tarifas\" href=\"https:\/\/www.cielo.com.br\/sitecielo\/afiliacao\/credenciamentoafiliacaonaologado.html\" target=\"_blank\" rel=\"noopener\">Cielo<\/a>\u00a0&#8211; <a href=\"https:\/\/www.pagar.me\">Pagar.me<\/a> &#8211; <a href=\"https:\/\/iugu.com\">Iugu<\/a> &#8211; <a href=\"https:\/\/www.gerencianet.com.br\">GerenciaNet<\/a>\u00a0&#8211; <a href=\"https:\/\/www.brasilnaweb.com.br\/erede\">eRede<\/a><\/p>\n<h2>Coment\u00e1rios extras sobre os meios de pagamento para ecommerce<\/h2>\n<p><strong>PagSeguro:<\/strong> F\u00e1cil de iniciar, taxas para ecommerce n\u00e3o muito atraentes, anti fraude incluso. Tido com um dos meios de pagamento que menos aprova transa\u00e7\u00f5es devido ao alto grau de rigidez na an\u00e1lise de anti fraude. \u00c9 a op\u00e7\u00e3o mais comum para quem est\u00e1 iniciando! Negociam em certos volumes de vendas. Oferece op\u00e7\u00e3o de boleto e recorr\u00eancia.<\/p>\n<p><strong>PayU:<\/strong> As tarifas s\u00e3o aplic\u00e1veis aos clientes locais (empresas com opera\u00e7\u00f5es no Brasil). Para consultar tarifas de clientes internacionais acesse <a href=\"http:\/\/corporate.payu.com\/\" target=\"_blank\" rel=\"noopener\">PayU Global<\/a><\/p>\n<p><strong>MoIP:<\/strong>\u00a0Tem a possibilidade de receber pagamentos em at\u00e9 2 dias. Burocracia inicial \u00e9 um problema para iniciantes e mais apressados.<\/p>\n<p><strong>Mercado Pago:<\/strong>\u00a0Comum para quem j\u00e1 vende pelo Mercado Livre. Segundo colaboradores de l\u00e1, se voc\u00ea usar Mercado Livre em sua loja virtual, seus an\u00fancios no ML ganham um pouco mais de visibilidade \/ melhor posicionamento.<\/p>\n<p><strong>PayPal:<\/strong> F\u00e1cil de come\u00e7ar, com a grande vantagem da disponibilidade r\u00e1pida do dinheiro, taxas n\u00e3o muito competitivas, mas soube que em certos volumes ele aceitam negociar. Oferece op\u00e7\u00e3o de recorr\u00eancia no cart\u00e3o de cr\u00e9dito do cliente com muita facilidade.<\/p>\n<p><strong>Cielo: <\/strong>\u00d3tima taxa de entrada, comum entre lojas virtuais mais maduras.<\/p>\n<p><strong>GerenciaNet: <\/strong>\u00d3timo painel para visualizar seus receb\u00edveis, taxa inicial maior que concorrentes, oferece uma gama de servi\u00e7os adicionais como recorr\u00eancia e boleto.<\/p>\n<p><strong>Iugu:<\/strong>\u00a0Taxa razo\u00e1vel. \u00d3timo sistema de cobran\u00e7a e intelig\u00eancia de antecipa\u00e7\u00e3o, por\u00e9m cobra mensalidade, algo incomum no mercado para ecommerce. Oferece servi\u00e7os extras bem interessantes.<\/p>\n<p><strong>Pagar.me:<\/strong> Taxa razo\u00e1vel e interface de pagamento muito intuitiva para o cliente!<\/p>\n<p><strong>eRede:<\/strong>\u00a0A menor taxa para contratos de ecommerce que j\u00e1 vi at\u00e9 hoje para nossos clientes na\u00a0<a href=\"https:\/\/www.brasilnaweb.com.br\"><strong>Brasil na Web<\/strong><\/a>, chegando a 1.8% no d\u00e9bito \u00e0 vista. \u00c9 um servi\u00e7o do Ita\u00fa, logo, se voc\u00ea tem conta l\u00e1, negocie taxas com o seu gerente diretamente.<\/p>\n<h2>N\u00edvel de avalia\u00e7\u00f5es no Reclame Aqui:<\/h2>\n<h3>Pagseguro<\/h3>\n<p><img loading=\"lazy\" decoding=\"async\" class=\"aligncenter size-full wp-image-7753\" src=\"https:\/\/www.brasilnaweb.com.br\/wp-content\/uploads\/2018\/01\/reclameaqui-pagseguro-2018.png\" alt=\"\" width=\"830\" height=\"390\" \/><\/p>\n<h3>Cielo<\/h3>\n<p><img loading=\"lazy\" decoding=\"async\" class=\"aligncenter size-full wp-image-7752\" src=\"https:\/\/www.brasilnaweb.com.br\/wp-content\/uploads\/2018\/01\/reclameaqui-cielo-2018.png\" alt=\"\" width=\"830\" height=\"390\" \/><\/p>\n<h3>Paypal<\/h3>\n<p><img loading=\"lazy\" decoding=\"async\" class=\"aligncenter size-full wp-image-7750\" src=\"https:\/\/www.brasilnaweb.com.br\/wp-content\/uploads\/2018\/01\/reclameaqui-paypal-2018.png\" alt=\"\" width=\"830\" height=\"460\" \/><\/p>\n<h3>Iugu<\/h3>\n<p><img loading=\"lazy\" decoding=\"async\" class=\"size-full wp-image-7745 aligncenter\" src=\"https:\/\/www.brasilnaweb.com.br\/wp-content\/uploads\/2018\/01\/reclameaqui-iugu-2018.png\" alt=\"\" width=\"830\" height=\"395\" \/><\/p>\n<h3>GerenciaNet<\/h3>\n<p><img loading=\"lazy\" decoding=\"async\" class=\"aligncenter size-full wp-image-7746\" src=\"https:\/\/www.brasilnaweb.com.br\/wp-content\/uploads\/2018\/01\/reclameaqui-gerencianet-2018.png\" alt=\"\" width=\"830\" height=\"395\" \/><\/p>\n<h3>Pagar.me<\/h3>\n<p><img loading=\"lazy\" decoding=\"async\" class=\"aligncenter size-full wp-image-7747\" src=\"https:\/\/www.brasilnaweb.com.br\/wp-content\/uploads\/2018\/01\/reclameaqui-pagarme-2018.png\" alt=\"\" width=\"830\" height=\"390\" \/><\/p>\n<h3>Mercado Pago<\/h3>\n<p><img loading=\"lazy\" decoding=\"async\" class=\"aligncenter size-full wp-image-7748\" src=\"https:\/\/www.brasilnaweb.com.br\/wp-content\/uploads\/2018\/01\/reclameaqui-mercadopago-2018.png\" alt=\"\" width=\"830\" height=\"419\" \/><\/p>\n<h3>MOIP<\/h3>\n<p><img loading=\"lazy\" decoding=\"async\" class=\"aligncenter size-full wp-image-7749\" src=\"https:\/\/www.brasilnaweb.com.br\/wp-content\/uploads\/2018\/01\/reclameaqui-moip-2018.png\" alt=\"\" width=\"830\" height=\"400\" \/><\/p>\n<h3>PayU<\/h3>\n<p><img loading=\"lazy\" decoding=\"async\" class=\"aligncenter size-full wp-image-7751\" src=\"https:\/\/www.brasilnaweb.com.br\/wp-content\/uploads\/2018\/01\/reclameaqui-payu-2018.png\" alt=\"\" width=\"830\" height=\"390\" \/><\/p>\n<h3>eRede &#8211; Ita\u00fa<\/h3>\n<p><img loading=\"lazy\" decoding=\"async\" class=\"aligncenter size-full wp-image-7772\" src=\"https:\/\/www.brasilnaweb.com.br\/wp-content\/uploads\/2018\/01\/reclameaqui-rede-2018.png\" alt=\"\" width=\"830\" height=\"390\" \/>[\/vc_column_text][\/vc_column][\/vc_row][vc_row][vc_column][vc_column_text]<\/p>\n<h2>Planejamento de loja virtual para vender online<\/h2>\n<p>[\/vc_column_text][\/vc_column][\/vc_row][vc_row][vc_column width=&#8221;1\/2&#8243;][vc_column_text]<a href=\"https:\/\/www.brasilnaweb.com.br\/checklistdeecommerce\/?utm_source=blog&amp;utm_medium=post&amp;utm_campaign=melhor-meio-pagamento-online\"><img loading=\"lazy\" decoding=\"async\" class=\"size-full wp-image-7762 alignleft\" src=\"https:\/\/www.brasilnaweb.com.br\/wp-content\/uploads\/2018\/01\/checklist-de-ecommerce.png\" alt=\"\" width=\"400\" height=\"264\" \/><\/a>[\/vc_column_text][\/vc_column][vc_column width=&#8221;1\/2&#8243;][vc_column_text]<\/p>\n<h3>Checklist de Ecommerce &#8211; Guia para novos Lojistas<\/h3>\n<p>Com o <strong>Checklist de Ecommerce<\/strong> voc\u00ea ter\u00e1 um guia pr\u00e1tico e orientado para evitar os erros b\u00e1sicos e come\u00e7ar com o p\u00e9 direito nas vendas pela internet.<\/p>\n<p>Fa\u00e7a download gratuito agora mesmo do checklist e comece a planejar a sua loja virtual para vencer a concorr\u00eancia![\/vc_column_text][vc_btn title=&#8221;Download do Checklist&#8221; style=&#8221;flat&#8221; color=&#8221;warning&#8221; align=&#8221;left&#8221; link=&#8221;url:https%3A%2F%2Fwww.brasilnaweb.com.br%2Fchecklistdeecommerce%2F%3Futm_source%3Dblog%26amp%3Butm_medium%3Dpost%26amp%3Butm_campaign%3Dmelhor-meio-pagamento-online||target:%20_blank|&#8221;][\/vc_column][\/vc_row][vc_row][vc_column][vc_column_text]<\/p>\n<h3><\/h3>\n<p>[\/vc_column_text][\/vc_column][\/vc_row]<\/p>\n","protected":false},"excerpt":{"rendered":"<p>[vc_row][vc_column][vc_column_text] Qual o melhor meio de pagamento online para Loja virtual ? [\/vc_column_text][\/vc_column][\/vc_row][vc_row][vc_column width=&#8221;1\/2&#8243;][vc_column_text]Muitas pessoas querem vender online, mas n\u00e3o avaliam bem qual m\u00e9todo de pagamento que vai oferecer aos clientes em sua loja virtual. Desde 2005 eu acompanho v\u00e1rios meios de pagamento que foram surgindo e at\u00e9 desaparecendo. O que mostra como \u00e9 importante [&hellip;]<\/p>\n","protected":false},"author":27,"featured_media":0,"parent":0,"menu_order":0,"comment_status":"closed","ping_status":"closed","template":"","meta":{"footnotes":""},"class_list":["post-7951","page","type-page","status-publish","hentry"],"_links":{"self":[{"href":"https:\/\/brasilnaweb.com.br\/blog\/wp-json\/wp\/v2\/pages\/7951","targetHints":{"allow":["GET"]}}],"collection":[{"href":"https:\/\/brasilnaweb.com.br\/blog\/wp-json\/wp\/v2\/pages"}],"about":[{"href":"https:\/\/brasilnaweb.com.br\/blog\/wp-json\/wp\/v2\/types\/page"}],"author":[{"embeddable":true,"href":"https:\/\/brasilnaweb.com.br\/blog\/wp-json\/wp\/v2\/users\/27"}],"replies":[{"embeddable":true,"href":"https:\/\/brasilnaweb.com.br\/blog\/wp-json\/wp\/v2\/comments?post=7951"}],"version-history":[{"count":0,"href":"https:\/\/brasilnaweb.com.br\/blog\/wp-json\/wp\/v2\/pages\/7951\/revisions"}],"wp:attachment":[{"href":"https:\/\/brasilnaweb.com.br\/blog\/wp-json\/wp\/v2\/media?parent=7951"}],"curies":[{"name":"wp","href":"https:\/\/api.w.org\/{rel}","templated":true}]}}